{"id":3870,"date":"2024-05-27T15:56:19","date_gmt":"2024-05-27T15:56:19","guid":{"rendered":"https:\/\/santosjourneys.com\/?page_id=3870"},"modified":"2024-06-19T11:03:33","modified_gmt":"2024-06-19T11:03:33","slug":"food-wine","status":"publish","type":"page","link":"https:\/\/santosjourneys.com\/es\/comida-y-vino\/","title":{"rendered":"Comida y vino"},"content":{"rendered":"<div data-elementor-type=\"wp-page\" data-elementor-id=\"3870\" class=\"elementor elementor-3870\" data-elementor-post-type=\"page\">\n\t\t\t\t<div class=\"elementor-element elementor-element-faa1d9c e-flex e-con-boxed e-con e-parent\" data-id=\"faa1d9c\" data-element_type=\"container\" data-core-v316-plus=\"true\">\n\t\t\t\t\t<div class=\"e-con-inner\">\n\t\t\t\t\t<\/div>\n\t\t\t\t<\/div>\n\t\t<div class=\"elementor-element elementor-element-bf3b75f e-flex e-con-boxed e-con e-parent\" data-id=\"bf3b75f\" data-element_type=\"container\" data-core-v316-plus=\"true\">\n\t\t\t\t\t<div class=\"e-con-inner\">\n\t\t\t\t\t<\/div>\n\t\t\t\t<\/div>\n\t\t<div class=\"elementor-element elementor-element-e4ce316 e-flex e-con-boxed e-con e-parent\" data-id=\"e4ce316\" data-element_type=\"container\" data-core-v316-plus=\"true\">\n\t\t\t\t\t<div class=\"e-con-inner\">\n\t\t\t\t\t<\/div>\n\t\t\t\t<\/div>\n\t\t<div class=\"elementor-element elementor-element-722701f e-flex e-con-boxed e-con e-parent\" data-id=\"722701f\" data-element_type=\"container\" data-core-v316-plus=\"true\">\n\t\t\t\t\t<div class=\"e-con-inner\">\n\t\t\t\t\t<\/div>\n\t\t\t\t<\/div>\n\t\t<div class=\"elementor-element elementor-element-fba1d05 e-flex e-con-boxed e-con e-parent\" data-id=\"fba1d05\" data-element_type=\"container\" data-core-v316-plus=\"true\">\n\t\t\t\t\t<div class=\"e-con-inner\">\n\t\t\t\t\t<\/div>\n\t\t\t\t<\/div>\n\t\t<div class=\"elementor-element elementor-element-2629da5 e-flex e-con-boxed e-con e-parent\" data-id=\"2629da5\" data-element_type=\"container\" data-core-v316-plus=\"true\">\n\t\t\t\t\t<div class=\"e-con-inner\">\n\t\t\t\t\t<\/div>\n\t\t\t\t<\/div>\n\t\t<div class=\"elementor-element elementor-element-40d2150 e-flex e-con-boxed e-con e-parent\" data-id=\"40d2150\" data-element_type=\"container\" data-core-v316-plus=\"true\">\n\t\t\t\t\t<div class=\"e-con-inner\">\n\t\t\t\t<div class=\"elementor-element elementor-element-4087dcb elementor-widget elementor-widget-image\" data-id=\"4087dcb\" data-element_type=\"widget\" data-widget_type=\"image.default\">\n\t\t\t\t<div class=\"elementor-widget-container\">\n\t\t\t<style>\/*! elementor - v3.20.0 - 26-03-2024 *\/\n.elementor-widget-image{text-align:center}.elementor-widget-image a{display:inline-block}.elementor-widget-image a img[src$=\".svg\"]{width:48px}.elementor-widget-image img{vertical-align:middle;display:inline-block}<\/style>\t\t\t\t\t\t\t\t\t\t<img fetchpriority=\"high\" decoding=\"async\" width=\"1280\" height=\"300\" src=\"https:\/\/santosjourneys.com\/wp-content\/uploads\/2024\/06\/B1.png\" class=\"attachment-full size-full wp-image-4000\" alt=\"\" srcset=\"https:\/\/santosjourneys.com\/wp-content\/uploads\/2024\/06\/B1.png 1280w, https:\/\/santosjourneys.com\/wp-content\/uploads\/2024\/06\/B1-300x70.png 300w, https:\/\/santosjourneys.com\/wp-content\/uploads\/2024\/06\/B1-1024x240.png 1024w, https:\/\/santosjourneys.com\/wp-content\/uploads\/2024\/06\/B1-768x180.png 768w, https:\/\/santosjourneys.com\/wp-content\/uploads\/2024\/06\/B1-18x4.png 18w, https:\/\/santosjourneys.com\/wp-content\/uploads\/2024\/06\/B1-100x23.png 100w\" sizes=\"(max-width: 1280px) 100vw, 1280px\" \/>\t\t\t\t\t\t\t\t\t\t\t\t\t<\/div>\n\t\t\t\t<\/div>\n\t\t\t\t\t<\/div>\n\t\t\t\t<\/div>\n\t\t<div class=\"elementor-element elementor-element-6a1da2f e-flex e-con-boxed e-con e-parent\" data-id=\"6a1da2f\" data-element_type=\"container\" data-core-v316-plus=\"true\">\n\t\t\t\t\t<div class=\"e-con-inner\">\n\t\t\t\t<div class=\"elementor-element elementor-element-33ea8fd elementor-widget elementor-widget-heading\" data-id=\"33ea8fd\" data-element_type=\"widget\" data-widget_type=\"heading.default\">\n\t\t\t\t<div class=\"elementor-widget-container\">\n\t\t\t<style>\/*! elementor - v3.20.0 - 26-03-2024 *\/\n.elementor-heading-title{padding:0;margin:0;line-height:1}.elementor-widget-heading .elementor-heading-title[class*=elementor-size-]>a{color:inherit;font-size:inherit;line-height:inherit}.elementor-widget-heading .elementor-heading-title.elementor-size-small{font-size:15px}.elementor-widget-heading .elementor-heading-title.elementor-size-medium{font-size:19px}.elementor-widget-heading .elementor-heading-title.elementor-size-large{font-size:29px}.elementor-widget-heading .elementor-heading-title.elementor-size-xl{font-size:39px}.elementor-widget-heading .elementor-heading-title.elementor-size-xxl{font-size:59px}<\/style><h5 class=\"elementor-heading-title elementor-size-default\"> Descubra la cocina y la cultura de la Pen\u00ednsula Ib\u00e9rica Saboree y disfrute de los mejores vinos y cocina de Portugal y Espa\u00f1a  \n<\/h5>\t\t<\/div>\n\t\t\t\t<\/div>\n\t\t\t\t\t<\/div>\n\t\t\t\t<\/div>\n\t\t<div class=\"elementor-element elementor-element-2577597 e-flex e-con-boxed e-con e-parent\" data-id=\"2577597\" data-element_type=\"container\" data-core-v316-plus=\"true\">\n\t\t\t\t\t<div class=\"e-con-inner\">\n\t\t\t\t<div class=\"elementor-element elementor-element-e321524 elementor-widget elementor-widget-text-editor\" data-id=\"e321524\" data-element_type=\"widget\" data-widget_type=\"text-editor.default\">\n\t\t\t\t<div class=\"elementor-widget-container\">\n\t\t\t<style>\/*! elementor - v3.20.0 - 26-03-2024 *\/\n.elementor-widget-text-editor.elementor-drop-cap-view-stacked .elementor-drop-cap{background-color:#69727d;color:#fff}.elementor-widget-text-editor.elementor-drop-cap-view-framed .elementor-drop-cap{color:#69727d;border:3px solid;background-color:transparent}.elementor-widget-text-editor:not(.elementor-drop-cap-view-default) .elementor-drop-cap{margin-top:8px}.elementor-widget-text-editor:not(.elementor-drop-cap-view-default) .elementor-drop-cap-letter{width:1em;height:1em}.elementor-widget-text-editor .elementor-drop-cap{float:left;text-align:center;line-height:1;font-size:50px}.elementor-widget-text-editor .elementor-drop-cap-letter{display:inline-block}<\/style>\t\t\t\t<p><em>\u201cSi vas a un pa\u00eds en el que nunca has estado antes, es una muy buena idea ir primero al mercado, ver qu\u00e9 venden, tener una idea de en qu\u00e9 son buenos, cu\u00e1les son sus ventajas. la gente est\u00e1 comprando\u201d.<br \/>~ Antonio Bourdain<br \/><br \/>Ya sea que defina el romance en la comida, el arte o la arquitectura, Portugal y Espa\u00f1a nunca lo decepcionar\u00e1n. Es un destino \u00fanico para disfrutar de la mejor comida de Europa acompa\u00f1ada de los mejores vinos.<br \/><br \/>Desde las colinas del valle del Duero, las encantadoras calles de Oporto y Barcelona, la l\u00ednea costera del Pa\u00eds Vasco, cada regi\u00f3n ofrece una experiencia \u00fanica e inmersiva de lo mejor del patrimonio culinario ib\u00e9rico. Sum\u00e9rgete en los sabores, aromas y tradiciones que hacen legendaria la cocina ib\u00e9rica en todo el mundo.<br \/><br \/>Deleite su paladar con platos deliciosos preparados por chefs expertos, utilizando ingredientes de origen local y recetas tradicionales. Del\u00e9itate con los aut\u00e9nticos sabores de Iberia mientras saboreas platos tradicionales de Mariscos, carnes asadas al horno, exquisitos quesos y postres divinos.<br \/><br \/>Complementando las delicias culinarias, nuestros tours enol\u00f3gicos lo llevar\u00e1n en un viaje a trav\u00e9s de pintorescos vi\u00f1edos y bodegas de renombre. Descubra el arte de la elaboraci\u00f3n del vino, desde tintos robustos hasta blancos crujientes y variedades espumosas. Descubra las historias detr\u00e1s de cada botella, guiados por expertos apasionados que compartir\u00e1n su conocimiento y amor por el vino.<br \/><br \/>Nuestros tours gastron\u00f3micos y enol\u00f3gicos est\u00e1n dise\u00f1ados para brindar una experiencia lujosa y personalizada. Colaboramos con chefs, sommeliers y expertos locales de renombre para ofrecer degustaciones exclusivas, clases de cocina privadas y experiencias detr\u00e1s de escena que no est\u00e1n disponibles en los tours est\u00e1ndar.<br \/><br \/>\u201cHay que probar una cultura para entenderla\u201d<br \/>~ D\u00e9bora Cater<\/em><\/p>\t\t\t\t\t\t<\/div>\n\t\t\t\t<\/div>\n\t\t\t\t\t<\/div>\n\t\t\t\t<\/div>\n\t\t<div class=\"elementor-element elementor-element-2dd78b4 e-flex e-con-boxed e-con e-parent\" data-id=\"2dd78b4\" data-element_type=\"container\" data-settings=\"{&quot;background_background&quot;:&quot;classic&quot;}\" data-core-v316-plus=\"true\">\n\t\t\t\t\t<div class=\"e-con-inner\">\n\t\t\t\t<div class=\"elementor-element elementor-element-a37f0a8 elementor-widget elementor-widget-heading\" data-id=\"a37f0a8\" data-element_type=\"widget\" data-widget_type=\"heading.default\">\n\t\t\t\t<div class=\"elementor-widget-container\">\n\t\t\t<p class=\"elementor-heading-title elementor-size-default\">\u00a9 2024 NexiTech<\/p>\t\t<\/div>\n\t\t\t\t<\/div>\n\t\t\t\t\t<\/div>\n\t\t\t\t<\/div>\n\t\t\t\t<\/div>","protected":false},"excerpt":{"rendered":"<p>Descubra la gastronom\u00eda y la cultura de la Pen\u00ednsula Ib\u00e9rica Saboree y disfrute de los mejores vinos y gastronom\u00eda de Portugal y Espa\u00f1a \u201cSi vas a un pa\u00eds en el que nunca has estado, es una muy buena idea ir primero al mercado, ver qu\u00e9 venden, hacerte una idea de en qu\u00e9 son buenos, c\u00f3mo es la gente [\u2026]<\/p>","protected":false},"author":1,"featured_media":0,"parent":0,"menu_order":0,"comment_status":"closed","ping_status":"closed","template":"page-builder.php","meta":{"_uag_custom_page_level_css":"","footnotes":""},"uagb_featured_image_src":{"full":false,"thumbnail":false,"medium":false,"medium_large":false,"large":false,"1536x1536":false,"2048x2048":false,"trp-custom-language-flag":false,"sabah_image_800_800":false,"sabah_image_500_500":false,"sabah_image_800_650":false,"sabah_image_50_80":false},"uagb_author_info":{"display_name":"nexitech","author_link":"https:\/\/santosjourneys.com\/es\/author\/nexitech\/"},"uagb_comment_info":0,"uagb_excerpt":"Discover Iberian Peninsula Cuisine &#038; Culture Savor and Enjoy the Best Wines &#038; Cuisine of Portugal &#038; Spain \u201cIf you\u2019re going to a country, where you\u2019ve never been before, it\u2019s a very good idea to go to the market first, see what they\u2019re selling, get an idea of what they\u2019re good at, what the people&hellip;","_links":{"self":[{"href":"https:\/\/santosjourneys.com\/es\/wp-json\/wp\/v2\/pages\/3870"}],"collection":[{"href":"https:\/\/santosjourneys.com\/es\/wp-json\/wp\/v2\/pages"}],"about":[{"href":"https:\/\/santosjourneys.com\/es\/wp-json\/wp\/v2\/types\/page"}],"author":[{"embeddable":true,"href":"https:\/\/santosjourneys.com\/es\/wp-json\/wp\/v2\/users\/1"}],"replies":[{"embeddable":true,"href":"https:\/\/santosjourneys.com\/es\/wp-json\/wp\/v2\/comments?post=3870"}],"version-history":[{"count":10,"href":"https:\/\/santosjourneys.com\/es\/wp-json\/wp\/v2\/pages\/3870\/revisions"}],"predecessor-version":[{"id":4008,"href":"https:\/\/santosjourneys.com\/es\/wp-json\/wp\/v2\/pages\/3870\/revisions\/4008"}],"wp:attachment":[{"href":"https:\/\/santosjourneys.com\/es\/wp-json\/wp\/v2\/media?parent=3870"}],"curies":[{"name":"wp","href":"https:\/\/api.w.org\/{rel}","templated":true}]}}