{"id":3124,"date":"2024-05-06T18:48:15","date_gmt":"2024-05-06T18:48:15","guid":{"rendered":"https:\/\/santosjourneys.com\/?page_id=3124"},"modified":"2024-06-19T13:14:51","modified_gmt":"2024-06-19T13:14:51","slug":"luxury-boutique","status":"publish","type":"page","link":"https:\/\/santosjourneys.com\/es\/viajes-grupales-de-lujo\/","title":{"rendered":"Lujo y Boutique"},"content":{"rendered":"<div data-elementor-type=\"wp-page\" data-elementor-id=\"3124\" class=\"elementor elementor-3124\" data-elementor-post-type=\"page\">\n\t\t\t\t<div class=\"elementor-element elementor-element-faa1d9c e-flex e-con-boxed e-con e-parent\" data-id=\"faa1d9c\" data-element_type=\"container\" data-core-v316-plus=\"true\">\n\t\t\t\t\t<div class=\"e-con-inner\">\n\t\t\t\t\t<\/div>\n\t\t\t\t<\/div>\n\t\t<div class=\"elementor-element elementor-element-bf3b75f e-flex e-con-boxed e-con e-parent\" data-id=\"bf3b75f\" data-element_type=\"container\" data-core-v316-plus=\"true\">\n\t\t\t\t\t<div class=\"e-con-inner\">\n\t\t\t\t\t<\/div>\n\t\t\t\t<\/div>\n\t\t<div class=\"elementor-element elementor-element-e4ce316 e-flex e-con-boxed e-con e-parent\" data-id=\"e4ce316\" data-element_type=\"container\" data-core-v316-plus=\"true\">\n\t\t\t\t\t<div class=\"e-con-inner\">\n\t\t\t\t\t<\/div>\n\t\t\t\t<\/div>\n\t\t<div class=\"elementor-element elementor-element-722701f e-flex e-con-boxed e-con e-parent\" data-id=\"722701f\" data-element_type=\"container\" data-core-v316-plus=\"true\">\n\t\t\t\t\t<div class=\"e-con-inner\">\n\t\t\t\t\t<\/div>\n\t\t\t\t<\/div>\n\t\t<div class=\"elementor-element elementor-element-fba1d05 e-flex e-con-boxed e-con e-parent\" data-id=\"fba1d05\" data-element_type=\"container\" data-core-v316-plus=\"true\">\n\t\t\t\t\t<div class=\"e-con-inner\">\n\t\t\t\t\t<\/div>\n\t\t\t\t<\/div>\n\t\t<div class=\"elementor-element elementor-element-2629da5 e-flex e-con-boxed e-con e-parent\" data-id=\"2629da5\" data-element_type=\"container\" data-core-v316-plus=\"true\">\n\t\t\t\t\t<div class=\"e-con-inner\">\n\t\t\t\t\t<\/div>\n\t\t\t\t<\/div>\n\t\t<div class=\"elementor-element elementor-element-40d2150 e-flex e-con-boxed e-con e-parent\" data-id=\"40d2150\" data-element_type=\"container\" data-core-v316-plus=\"true\">\n\t\t\t\t\t<div class=\"e-con-inner\">\n\t\t\t\t<div class=\"elementor-element elementor-element-4087dcb elementor-widget elementor-widget-image\" data-id=\"4087dcb\" data-element_type=\"widget\" data-widget_type=\"image.default\">\n\t\t\t\t<div class=\"elementor-widget-container\">\n\t\t\t<style>\/*! elementor - v3.20.0 - 26-03-2024 *\/\n.elementor-widget-image{text-align:center}.elementor-widget-image a{display:inline-block}.elementor-widget-image a img[src$=\".svg\"]{width:48px}.elementor-widget-image img{vertical-align:middle;display:inline-block}<\/style>\t\t\t\t\t\t\t\t\t\t<img fetchpriority=\"high\" decoding=\"async\" width=\"1280\" height=\"300\" src=\"https:\/\/santosjourneys.com\/wp-content\/uploads\/2024\/06\/A.png\" class=\"attachment-full size-full wp-image-3999\" alt=\"\" srcset=\"https:\/\/santosjourneys.com\/wp-content\/uploads\/2024\/06\/A.png 1280w, https:\/\/santosjourneys.com\/wp-content\/uploads\/2024\/06\/A-300x70.png 300w, https:\/\/santosjourneys.com\/wp-content\/uploads\/2024\/06\/A-1024x240.png 1024w, https:\/\/santosjourneys.com\/wp-content\/uploads\/2024\/06\/A-768x180.png 768w, https:\/\/santosjourneys.com\/wp-content\/uploads\/2024\/06\/A-18x4.png 18w, https:\/\/santosjourneys.com\/wp-content\/uploads\/2024\/06\/A-100x23.png 100w\" sizes=\"(max-width: 1280px) 100vw, 1280px\" \/>\t\t\t\t\t\t\t\t\t\t\t\t\t<\/div>\n\t\t\t\t<\/div>\n\t\t\t\t\t<\/div>\n\t\t\t\t<\/div>\n\t\t<div class=\"elementor-element elementor-element-6a1da2f e-flex e-con-boxed e-con e-parent\" data-id=\"6a1da2f\" data-element_type=\"container\" data-core-v316-plus=\"true\">\n\t\t\t\t\t<div class=\"e-con-inner\">\n\t\t\t\t<div class=\"elementor-element elementor-element-33ea8fd elementor-widget elementor-widget-heading\" data-id=\"33ea8fd\" data-element_type=\"widget\" data-widget_type=\"heading.default\">\n\t\t\t\t<div class=\"elementor-widget-container\">\n\t\t\t<style>\/*! elementor - v3.20.0 - 26-03-2024 *\/\n.elementor-heading-title{padding:0;margin:0;line-height:1}.elementor-widget-heading .elementor-heading-title[class*=elementor-size-]>a{color:inherit;font-size:inherit;line-height:inherit}.elementor-widget-heading .elementor-heading-title.elementor-size-small{font-size:15px}.elementor-widget-heading .elementor-heading-title.elementor-size-medium{font-size:19px}.elementor-widget-heading .elementor-heading-title.elementor-size-large{font-size:29px}.elementor-widget-heading .elementor-heading-title.elementor-size-xl{font-size:39px}.elementor-widget-heading .elementor-heading-title.elementor-size-xxl{font-size:59px}<\/style><h2 class=\"elementor-heading-title elementor-size-default\">Tours grupales de lujo <\/h2>\t\t<\/div>\n\t\t\t\t<\/div>\n\t\t\t\t\t<\/div>\n\t\t\t\t<\/div>\n\t\t<div class=\"elementor-element elementor-element-c093d88 e-flex e-con-boxed e-con e-parent\" data-id=\"c093d88\" data-element_type=\"container\" data-core-v316-plus=\"true\">\n\t\t\t\t\t<div class=\"e-con-inner\">\n\t\t\t\t<div class=\"elementor-element elementor-element-7b4a3b9 elementor-widget elementor-widget-text-editor\" data-id=\"7b4a3b9\" data-element_type=\"widget\" data-widget_type=\"text-editor.default\">\n\t\t\t\t<div class=\"elementor-widget-container\">\n\t\t\t<style>\/*! elementor - v3.20.0 - 26-03-2024 *\/\n.elementor-widget-text-editor.elementor-drop-cap-view-stacked .elementor-drop-cap{background-color:#69727d;color:#fff}.elementor-widget-text-editor.elementor-drop-cap-view-framed .elementor-drop-cap{color:#69727d;border:3px solid;background-color:transparent}.elementor-widget-text-editor:not(.elementor-drop-cap-view-default) .elementor-drop-cap{margin-top:8px}.elementor-widget-text-editor:not(.elementor-drop-cap-view-default) .elementor-drop-cap-letter{width:1em;height:1em}.elementor-widget-text-editor .elementor-drop-cap{float:left;text-align:center;line-height:1;font-size:50px}.elementor-widget-text-editor .elementor-drop-cap-letter{display:inline-block}<\/style>\t\t\t\t<p><span lang=\"EN-US\">&#039;Escale monta\u00f1as no para que el mundo pueda verle, sino para que usted pueda ver el mundo.<\/span>&#039;<\/p>\t\t\t\t\t\t<\/div>\n\t\t\t\t<\/div>\n\t\t\t\t\t<\/div>\n\t\t\t\t<\/div>\n\t\t<div class=\"elementor-element elementor-element-2577597 e-flex e-con-boxed e-con e-parent\" data-id=\"2577597\" data-element_type=\"container\" data-core-v316-plus=\"true\">\n\t\t\t\t\t<div class=\"e-con-inner\">\n\t\t\t\t<div class=\"elementor-element elementor-element-e321524 elementor-widget elementor-widget-text-editor\" data-id=\"e321524\" data-element_type=\"widget\" data-widget_type=\"text-editor.default\">\n\t\t\t\t<div class=\"elementor-widget-container\">\n\t\t\t\t\t\t\t<p><span style=\"color: var( --e-global-color-text ); font-weight: var( --e-global-typography-text-font-weight ); text-align: var(--text-align);\">\u00bfQu\u00e9 define los viajes de lujo?<\/span><\/p><div>Aqu\u00ed hay una casilla de verificaci\u00f3n de lo que muchos de nuestros hu\u00e9spedes y socios consideran esencial para los viajes de lujo.<\/div><div><div><div>\u00a0<\/div><p><span style=\"color: var( --e-global-color-text ); font-weight: var( --e-global-typography-text-font-weight ); text-align: var(--text-align);\"><img decoding=\"async\" class=\"alignnone size-full wp-image-4027\" src=\"http:\/\/santosjourneys.com\/wp-content\/uploads\/2024\/06\/obraz_2024-06-19_151337207.png\" alt=\"\" width=\"12\" height=\"12\" \/> <\/span>\u00a0alojamientos exclusivos y de alta gama<\/p><p><span style=\"color: var( --e-global-color-text ); font-weight: var( --e-global-typography-text-font-weight ); text-align: var(--text-align);\"><img decoding=\"async\" class=\"alignnone size-full wp-image-4027\" src=\"http:\/\/santosjourneys.com\/wp-content\/uploads\/2024\/06\/obraz_2024-06-19_151337207.png\" alt=\"\" width=\"12\" height=\"12\" \/> \u00a0<\/span>transporte premium<\/p><p><span style=\"color: var( --e-global-color-text ); font-weight: var( --e-global-typography-text-font-weight ); text-align: var(--text-align);\"><img decoding=\"async\" class=\"alignnone size-full wp-image-4027\" src=\"http:\/\/santosjourneys.com\/wp-content\/uploads\/2024\/06\/obraz_2024-06-19_151337207.png\" alt=\"\" width=\"12\" height=\"12\" \/> \u00a0<\/span>itinerarios a medida<\/p><p><span style=\"color: var( --e-global-color-text ); font-weight: var( --e-global-typography-text-font-weight ); text-align: var(--text-align);\"><img decoding=\"async\" class=\"alignnone size-full wp-image-4027\" src=\"http:\/\/santosjourneys.com\/wp-content\/uploads\/2024\/06\/obraz_2024-06-19_151337207.png\" alt=\"\" width=\"12\" height=\"12\" \/> \u00a0<\/span>visitas y eventos exclusivos<\/p><p><span style=\"color: var( --e-global-color-text ); font-weight: var( --e-global-typography-text-font-weight ); text-align: var(--text-align);\"><img decoding=\"async\" class=\"alignnone size-full wp-image-4027\" src=\"http:\/\/santosjourneys.com\/wp-content\/uploads\/2024\/06\/obraz_2024-06-19_151337207.png\" alt=\"\" width=\"12\" height=\"12\" \/> \u00a0<\/span>eventos culturales \u00fanicos<\/p><p><span style=\"color: var( --e-global-color-text ); font-weight: var( --e-global-typography-text-font-weight ); text-align: var(--text-align);\"><img decoding=\"async\" class=\"alignnone size-full wp-image-4027\" src=\"http:\/\/santosjourneys.com\/wp-content\/uploads\/2024\/06\/obraz_2024-06-19_151337207.png\" alt=\"\" width=\"12\" height=\"12\" \/> \u00a0<\/span>Magn\u00edficos gu\u00edas locales cuidadosamente seleccionados.<\/p><p><span style=\"color: var( --e-global-color-text ); font-weight: var( --e-global-typography-text-font-weight ); text-align: var(--text-align);\"><img decoding=\"async\" class=\"alignnone size-full wp-image-4027\" src=\"http:\/\/santosjourneys.com\/wp-content\/uploads\/2024\/06\/obraz_2024-06-19_151337207.png\" alt=\"\" width=\"12\" height=\"12\" \/> \u00a0<\/span>cena excepcional<\/p><p><span style=\"color: var( --e-global-color-text ); font-weight: var( --e-global-typography-text-font-weight ); text-align: var(--text-align);\"><img decoding=\"async\" class=\"alignnone size-full wp-image-4027\" src=\"http:\/\/santosjourneys.com\/wp-content\/uploads\/2024\/06\/obraz_2024-06-19_151337207.png\" alt=\"\" width=\"12\" height=\"12\" \/> \u00a0<\/span>cata de vinos<\/p><p><span style=\"color: var( --e-global-color-text ); font-weight: var( --e-global-typography-text-font-weight ); text-align: var(--text-align);\"><img decoding=\"async\" class=\"alignnone size-full wp-image-4027\" src=\"http:\/\/santosjourneys.com\/wp-content\/uploads\/2024\/06\/obraz_2024-06-19_151337207.png\" alt=\"\" width=\"12\" height=\"12\" \/> \u00a0<\/span>clases de cocina<\/p><p><span style=\"color: var( --e-global-color-text ); font-weight: var( --e-global-typography-text-font-weight ); text-align: var(--text-align);\"><img decoding=\"async\" class=\"alignnone size-full wp-image-4027\" src=\"http:\/\/santosjourneys.com\/wp-content\/uploads\/2024\/06\/obraz_2024-06-19_151337207.png\" alt=\"\" width=\"12\" height=\"12\" \/> \u00a0<\/span>Visita al mercado con chefs de renombre.<\/p><p><span style=\"color: var( --e-global-color-text ); font-weight: var( --e-global-typography-text-font-weight ); text-align: var(--text-align);\"><img decoding=\"async\" class=\"alignnone size-full wp-image-4027\" src=\"http:\/\/santosjourneys.com\/wp-content\/uploads\/2024\/06\/obraz_2024-06-19_151337207.png\" alt=\"\" width=\"12\" height=\"12\" \/> \u00a0<\/span>botones puerta a puerta<\/p><p><span style=\"color: var( --e-global-color-text ); font-weight: var( --e-global-typography-text-font-weight ); text-align: var(--text-align);\"><img decoding=\"async\" class=\"alignnone size-full wp-image-4027\" src=\"http:\/\/santosjourneys.com\/wp-content\/uploads\/2024\/06\/obraz_2024-06-19_151337207.png\" alt=\"\" width=\"12\" height=\"12\" \/> \u00a0<\/span>Reuni\u00f3n y bienvenida en aeropuerto o puertos mar\u00edtimos.<\/p><p><span style=\"color: var( --e-global-color-text ); font-weight: var( --e-global-typography-text-font-weight ); text-align: var(--text-align);\"><img decoding=\"async\" class=\"alignnone size-full wp-image-4027\" src=\"http:\/\/santosjourneys.com\/wp-content\/uploads\/2024\/06\/obraz_2024-06-19_151337207.png\" alt=\"\" width=\"12\" height=\"12\" \/> \u00a0<\/span>comodidades de primer nivel<\/p><\/div><div><span style=\"color: #272727;\">\u00a0<\/span><\/div><div>En Santos Journeys nuestro objetivo no es s\u00f3lo ofrecer lo anterior, sino tambi\u00e9n hacer que cada hu\u00e9sped se sienta como en casa. Conozca a los lugare\u00f1os, realice recorridos fuera de lo com\u00fan, vea sitios inusuales,<\/div><div>cenar con familias locales, alojarse en lugares inusuales, tiempo libre.<\/div><div>\u00a0<\/div><div>Nacimos para mimar y servir a nuestros hu\u00e9spedes, cada peque\u00f1o detalle importa<\/div><div>Esto es lujo<\/div><\/div>\t\t\t\t\t\t<\/div>\n\t\t\t\t<\/div>\n\t\t\t\t\t<\/div>\n\t\t\t\t<\/div>\n\t\t<div class=\"elementor-element elementor-element-2dd78b4 e-flex e-con-boxed e-con e-parent\" data-id=\"2dd78b4\" data-element_type=\"container\" data-settings=\"{&quot;background_background&quot;:&quot;classic&quot;}\" data-core-v316-plus=\"true\">\n\t\t\t\t\t<div class=\"e-con-inner\">\n\t\t\t\t<div class=\"elementor-element elementor-element-a37f0a8 elementor-widget elementor-widget-heading\" data-id=\"a37f0a8\" data-element_type=\"widget\" data-widget_type=\"heading.default\">\n\t\t\t\t<div class=\"elementor-widget-container\">\n\t\t\t<p class=\"elementor-heading-title elementor-size-default\">\u00a9 2024 NexiTech<\/p>\t\t<\/div>\n\t\t\t\t<\/div>\n\t\t\t\t\t<\/div>\n\t\t\t\t<\/div>\n\t\t\t\t<\/div>","protected":false},"excerpt":{"rendered":"<p>Viajes de lujo en grupo: \u00abEscalar monta\u00f1as no para que el mundo te vea, sino para que t\u00fa puedas ver el mundo\u00bb. \u00bfQu\u00e9 define los viajes de lujo? Aqu\u00ed tienes una lista de lo que muchos de nuestros hu\u00e9spedes y socios consideran esencial para los viajes de lujo: alojamiento exclusivo y de alta gama, transporte premium, itinerarios a medida, visitas exclusivas [\u2026]<\/p>","protected":false},"author":1,"featured_media":0,"parent":0,"menu_order":0,"comment_status":"closed","ping_status":"closed","template":"page-builder.php","meta":{"_uag_custom_page_level_css":"","footnotes":""},"uagb_featured_image_src":{"full":false,"thumbnail":false,"medium":false,"medium_large":false,"large":false,"1536x1536":false,"2048x2048":false,"trp-custom-language-flag":false,"sabah_image_800_800":false,"sabah_image_500_500":false,"sabah_image_800_650":false,"sabah_image_50_80":false},"uagb_author_info":{"display_name":"nexitech","author_link":"https:\/\/santosjourneys.com\/es\/author\/nexitech\/"},"uagb_comment_info":0,"uagb_excerpt":"Luxury Group Tours \u2018Climb mountains not so that the world can see you but so that you can see the world.\u2019 What defines Luxury Travel? Here is a check box of what many of our guests and partners see as essential to Luxury Travel\u00a0 \u00a0high-end and unique accommodations \u00a0premium transportation \u00a0bespoke tailored itineraries \u00a0exclusive visits&hellip;","_links":{"self":[{"href":"https:\/\/santosjourneys.com\/es\/wp-json\/wp\/v2\/pages\/3124"}],"collection":[{"href":"https:\/\/santosjourneys.com\/es\/wp-json\/wp\/v2\/pages"}],"about":[{"href":"https:\/\/santosjourneys.com\/es\/wp-json\/wp\/v2\/types\/page"}],"author":[{"embeddable":true,"href":"https:\/\/santosjourneys.com\/es\/wp-json\/wp\/v2\/users\/1"}],"replies":[{"embeddable":true,"href":"https:\/\/santosjourneys.com\/es\/wp-json\/wp\/v2\/comments?post=3124"}],"version-history":[{"count":45,"href":"https:\/\/santosjourneys.com\/es\/wp-json\/wp\/v2\/pages\/3124\/revisions"}],"predecessor-version":[{"id":4041,"href":"https:\/\/santosjourneys.com\/es\/wp-json\/wp\/v2\/pages\/3124\/revisions\/4041"}],"wp:attachment":[{"href":"https:\/\/santosjourneys.com\/es\/wp-json\/wp\/v2\/media?parent=3124"}],"curies":[{"name":"wp","href":"https:\/\/api.w.org\/{rel}","templated":true}]}}